{"id":32,"date":"2014-02-05T15:21:35","date_gmt":"2014-02-05T15:21:35","guid":{"rendered":"http:\/\/urbs.cz\/?page_id=32"},"modified":"2014-02-12T15:41:53","modified_gmt":"2014-02-12T15:41:53","slug":"lide","status":"publish","type":"page","link":"https:\/\/urbs.cz\/?page_id=32","title":{"rendered":"Lid\u00e9"},"content":{"rendered":"<p><a href=\"http:\/\/www.urbs.cz\/wp-content\/uploads\/2014\/02\/Lukas.png\" data-rel=\"lightbox-gallery-ZR69i4ME\" data-rl_title=\"\" data-rl_caption=\"\" title=\"\"><img decoding=\"async\" loading=\"lazy\" src=\"http:\/\/www.urbs.cz\/wp-content\/uploads\/2014\/02\/Lukas.png\" alt=\"Lukas\" width=\"200\" height=\"200\" \/><\/a><\/p>\n<h4>Ing. arch. Luk\u00e1\u0161 Vacek<\/h4>\n<p>&#8211; Autorizovan\u00fd architekt \u010cKA 04043<br \/>\n&#8211; Typ autorizace A1<\/p>\n<p>Atelier L \/ Ing. arch. Jan Sedl\u00e1k \/ Renzo Piano Building Workshop (It\u00e1lie) \/ Arch. Martin Roub\u00edk \/ Arch. Eva Heyworth \/ Aukett, s.r.o.  <\/p>\n<p>\u010dlen Expertn\u00ed skupiny Strategick\u00e9ho pl\u00e1nu Prahy 2013 \/ \u010dlen Metropolitn\u00ed ozvu\u010dn\u00e9 desky \/ v\u00fduka na ARCHIP (Architectural Institute in Prague \/ zakl\u00e1daj\u00edc\u00ed \u010dlen Pra\u017esk\u00e9ho Urbanistick\u00e9ho Krou\u017eku (PUK)  <\/p>\n<p>Iistituto Universitario di Architettura di Venezia (It\u00e1lie) \/ Renzo Piano Building Workshop (It\u00e1lie) \/ doktorsk\u00e9 studium na FA \u010cVUT (obor Urbanismus a \u00fazemn\u00ed pl\u00e1nov\u00e1n\u00ed)<\/p>\n<p><\/p>\n<p><\/p>\n<p><a href=\"http:\/\/www.urbs.cz\/wp-content\/uploads\/2014\/02\/Marek.png\" data-rel=\"lightbox-gallery-ZR69i4ME\" data-rl_title=\"\" data-rl_caption=\"\" title=\"\"><img decoding=\"async\" loading=\"lazy\" src=\"http:\/\/www.urbs.cz\/wp-content\/uploads\/2014\/02\/Marek.png\" alt=\"Marek\" width=\"200\" height=\"200\" \/><\/a><\/p>\n<h4>Ing. arch. Marek Veleba<\/h4>\n<p>&#8211; Autorizovan\u00fd architekt \u010cKA 03462<br \/>\n&#8211; Typ autorizace A1<\/p>\n<p>OIKOI ARCHITEKTI s.r.o. \/ Fakulta architektury \u010cVUT \/ L&#8217;\u00e9cole nationale sup\u00e9rieure d&#8217;architecture Paris Val de Seine \/ TU M\u00fcnchen Fakult\u00e4t f\u00fcr Architektur <\/p>\n<p><\/p>\n<p><\/p>\n<h2>Kontaktn\u00ed \u00fadaje<\/h2>\n<p><iframe loading=\"lazy\" width=\"200\" height=\"200\" frameborder=\"0\" scrolling=\"no\" marginheight=\"0\" marginwidth=\"0\" src=\"https:\/\/maps.google.com\/maps?f=q&amp;source=s_q&amp;hl=cs&amp;geocode=&amp;q=Kafkova+26,+praha&amp;aq=&amp;sll=50.099038,14.396017&amp;sspn=0.100204,0.264187&amp;ie=UTF8&amp;hq=&amp;hnear=Kafkova+580%2F26,+160+00+Praha+6-Dejvice,+%C4%8Cesk%C3%A1+republika&amp;t=m&amp;ll=50.099056,14.396038&amp;spn=0.008259,0.012875&amp;z=15&amp;iwloc=A&amp;output=embed\"><\/iframe><br \/><small><a href=\"https:\/\/maps.google.com\/maps?f=q&amp;source=embed&amp;hl=cs&amp;geocode=&amp;q=Kafkova+26,+praha&amp;aq=&amp;sll=50.099038,14.396017&amp;sspn=0.100204,0.264187&amp;ie=UTF8&amp;hq=&amp;hnear=Kafkova+580%2F26,+160+00+Praha+6-Dejvice,+%C4%8Cesk%C3%A1+republika&amp;t=m&amp;ll=50.099056,14.396038&amp;spn=0.008259,0.012875&amp;z=15&amp;iwloc=A\">Zv\u011bt\u0161it mapu<\/a><\/small><\/p>\n<p>URBS v.o.s.<br \/>\nI\u010c 28908287 <\/p>\n<p>Adresa<br \/>\nKafkova 26, 160 00 Praha 6<\/p>\n<p>email:\t\t  &#97;&#116;e&#108;&#105;e&#114;&#64;ur&#98;&#115;.&#99;&#122;<br \/>\ntel.: \t\t+420 222 967 376<br \/>\n\t\t+420 603 183 456 <\/p>\n","protected":false},"excerpt":{"rendered":"","protected":false},"author":2,"featured_media":0,"parent":0,"menu_order":0,"comment_status":"closed","ping_status":"closed","template":"","meta":[],"_links":{"self":[{"href":"https:\/\/urbs.cz\/index.php?rest_route=\/wp\/v2\/pages\/32"}],"collection":[{"href":"https:\/\/urbs.cz\/index.php?rest_route=\/wp\/v2\/pages"}],"about":[{"href":"https:\/\/urbs.cz\/index.php?rest_route=\/wp\/v2\/types\/page"}],"author":[{"embeddable":true,"href":"https:\/\/urbs.cz\/index.php?rest_route=\/wp\/v2\/users\/2"}],"replies":[{"embeddable":true,"href":"https:\/\/urbs.cz\/index.php?rest_route=%2Fwp%2Fv2%2Fcomments&post=32"}],"version-history":[{"count":46,"href":"https:\/\/urbs.cz\/index.php?rest_route=\/wp\/v2\/pages\/32\/revisions"}],"predecessor-version":[{"id":405,"href":"https:\/\/urbs.cz\/index.php?rest_route=\/wp\/v2\/pages\/32\/revisions\/405"}],"wp:attachment":[{"href":"https:\/\/urbs.cz\/index.php?rest_route=%2Fwp%2Fv2%2Fmedia&parent=32"}],"curies":[{"name":"wp","href":"https:\/\/api.w.org\/{rel}","templated":true}]}}