{"id":2,"date":"2014-02-04T11:36:51","date_gmt":"2014-02-04T11:36:51","guid":{"rendered":"http:\/\/urbs.cz\/?page_id=2"},"modified":"2014-02-24T15:57:31","modified_gmt":"2014-02-24T14:57:31","slug":"zkusebni-stranka","status":"publish","type":"page","link":"https:\/\/urbs.cz\/","title":{"rendered":""},"content":{"rendered":"<h2>P\u0158EDM\u011aT \u010cINNOSTI<\/h2>\n<div class=\"predmet_cinnosti\">\u00daZEMN\u00cd PL\u00c1NY<br \/>\n\u00daZEMN\u00cd STUDIE<br \/>\n\u00daZEMN\u00cd GENERELY<br \/>\nREGULA\u010cN\u00cd, ZASTAVOVAC\u00cd PL\u00c1NY<br \/>\nDOPRAVN\u011a &#8211; URBANISTICK\u00c9 STUDIE<br \/>\n\u00daZEMN\u011a ANALYTICK\u00c9 PODKLADY<br \/>\nT\u00c9MATICK\u00c9 URBANISTICK\u00c9 STUDIE<br \/>\nSTRATEGICK\u00c9 PL\u00c1NOV\u00c1N\u00cd<br \/>\nSTUDIE PROVEDITELNOSTI<\/div>\n<p>&nbsp;<\/p>\n<p>Spole\u010dnost URBS v.o.s. byla zalo\u017eena Ing. arch. Markem Velebou a Ing. arch. Luk\u00e1\u0161em Vackem.<br \/>\nSpole\u010dnost se zab\u00fdv\u00e1 urbanismem a projektovou \u010dinnost\u00ed ve v\u00fdstavb\u011b. \u00dazce spolupracuje se spole\u010dnostmi <a title=\"ATELIER\/L\" href=\"http:\/\/www.atelierl.cz\" target=\"_blank\">ATELIER L s.r.o.<\/a> a <a title=\"OIKOI ARCHITEKTI\" href=\"http:\/\/www.oikoi.eu\" target=\"_blank\">OIKOI ARCHITEKTI s.r.o.<\/a><\/p>\n<p>Zaji\u0161\u0165uje komplexn\u00ed slu\u017eby v oblasti urbanismu, a \u00fazemn\u00edho pl\u00e1nov\u00e1n\u00ed. Na\u0161i architekti v minulosti p\u016fsobili jak u presti\u017en\u00edch architekt\u016f a urbanist\u016f v zahrani\u010d\u00ed (Renzo Piano,Alain Pelissier, Heinz Marschalek), tak u p\u0159edn\u00edch \u010desk\u00fdch architekt\u016f a urbanist\u016f (Jan Sedl\u00e1k, Patrik Kotas, Martin Roub\u00edk, Eva Heyworth, CCEA) a \u00fa\u010dastnili se \u0159ady zahrani\u010dn\u00edch studijn\u00edch pobyt\u016f (Pa\u0159\u00ed\u017e, Madrid, Mnichov, Janov, Ben\u00e1tky, Lima)<\/p>\n<p>Spole\u010dnost URBS v.o.s. dlouhodob\u011b spolupracuje s dal\u0161\u00edmi p\u0159edn\u00edmi architekty a odborn\u00edky. Krom\u011b navrhov\u00e1n\u00ed a projektov\u00e1n\u00ed se n\u011bkte\u0159\u00ed z n\u00e1s rovn\u011b\u017e aktivn\u011b pod\u00edlej\u00ed na v\u011bdeck\u00e9 a pedagogick\u00e9 \u010dinnosti na Fakult\u011b architektury \u010cVUT v Praze.<\/p>\n<p>Firma je zaps\u00e1na v OR veden\u00e9m MS v Praze odd\u00edl A, vlo\u017eka 67475.<\/p>\n","protected":false},"excerpt":{"rendered":"","protected":false},"author":1,"featured_media":0,"parent":0,"menu_order":0,"comment_status":"open","ping_status":"open","template":"","meta":[],"_links":{"self":[{"href":"https:\/\/urbs.cz\/index.php?rest_route=\/wp\/v2\/pages\/2"}],"collection":[{"href":"https:\/\/urbs.cz\/index.php?rest_route=\/wp\/v2\/pages"}],"about":[{"href":"https:\/\/urbs.cz\/index.php?rest_route=\/wp\/v2\/types\/page"}],"author":[{"embeddable":true,"href":"https:\/\/urbs.cz\/index.php?rest_route=\/wp\/v2\/users\/1"}],"replies":[{"embeddable":true,"href":"https:\/\/urbs.cz\/index.php?rest_route=%2Fwp%2Fv2%2Fcomments&post=2"}],"version-history":[{"count":25,"href":"https:\/\/urbs.cz\/index.php?rest_route=\/wp\/v2\/pages\/2\/revisions"}],"predecessor-version":[{"id":442,"href":"https:\/\/urbs.cz\/index.php?rest_route=\/wp\/v2\/pages\/2\/revisions\/442"}],"wp:attachment":[{"href":"https:\/\/urbs.cz\/index.php?rest_route=%2Fwp%2Fv2%2Fmedia&parent=2"}],"curies":[{"name":"wp","href":"https:\/\/api.w.org\/{rel}","templated":true}]}}